{"id":1505,"date":"2024-09-24T16:00:18","date_gmt":"2024-09-24T08:00:18","guid":{"rendered":"http:\/\/www.sunzos.net\/?post_type=product&#038;p=1505"},"modified":"2024-09-24T17:40:13","modified_gmt":"2024-09-24T09:40:13","slug":"sunzos-duschkopf-wassersparend-wassersparender-duschkopf-grose-verdickte-duschkopf","status":"publish","type":"product","link":"https:\/\/www.sunzos.net\/index.php\/product\/sunzos-duschkopf-wassersparend-wassersparender-duschkopf-grose-verdickte-duschkopf\/","title":{"rendered":"SUNZOS Duschkopf Wassersparend, Wassersparender Duschkopf, Gro\u00dfe Verdickte Duschkopf"},"content":{"rendered":"<p><img fetchpriority=\"high\" decoding=\"async\" class=\"alignnone  wp-image-1730\" src=\"https:\/\/www.sunzos.net\/wp-content\/uploads\/2024\/09\/A1-2.jpg\" alt=\"\" width=\"1466\" height=\"601\" srcset=\"https:\/\/www.sunzos.net\/wp-content\/uploads\/2024\/09\/A1-2.jpg 1464w, https:\/\/www.sunzos.net\/wp-content\/uploads\/2024\/09\/A1-2-300x123.jpg 300w, https:\/\/www.sunzos.net\/wp-content\/uploads\/2024\/09\/A1-2-1024x420.jpg 1024w, https:\/\/www.sunzos.net\/wp-content\/uploads\/2024\/09\/A1-2-768x315.jpg 768w, https:\/\/www.sunzos.net\/wp-content\/uploads\/2024\/09\/A1-2-600x246.jpg 600w\" sizes=\"(max-width: 1466px) 100vw, 1466px\" \/>\u00a0\u00a0\u00a0 <img decoding=\"async\" class=\"alignnone  wp-image-1738\" src=\"https:\/\/www.sunzos.net\/wp-content\/uploads\/2024\/09\/\u94f6-4.jpg\" alt=\"\" width=\"1465\" height=\"1465\" srcset=\"https:\/\/www.sunzos.net\/wp-content\/uploads\/2024\/09\/\u94f6-4.jpg 1600w, https:\/\/www.sunzos.net\/wp-content\/uploads\/2024\/09\/\u94f6-4-300x300.jpg 300w, https:\/\/www.sunzos.net\/wp-content\/uploads\/2024\/09\/\u94f6-4-1024x1024.jpg 1024w, https:\/\/www.sunzos.net\/wp-content\/uploads\/2024\/09\/\u94f6-4-150x150.jpg 150w, https:\/\/www.sunzos.net\/wp-content\/uploads\/2024\/09\/\u94f6-4-768x768.jpg 768w, https:\/\/www.sunzos.net\/wp-content\/uploads\/2024\/09\/\u94f6-4-1536x1536.jpg 1536w, https:\/\/www.sunzos.net\/wp-content\/uploads\/2024\/09\/\u94f6-4-600x600.jpg 600w, https:\/\/www.sunzos.net\/wp-content\/uploads\/2024\/09\/\u94f6-4-100x100.jpg 100w\" sizes=\"(max-width: 1465px) 100vw, 1465px\" \/>\u00a0 <img decoding=\"async\" class=\"alignnone  wp-image-1740\" src=\"https:\/\/www.sunzos.net\/wp-content\/uploads\/2024\/09\/\u94f6-7-.jpg\" alt=\"\" width=\"1466\" height=\"1466\" srcset=\"https:\/\/www.sunzos.net\/wp-content\/uploads\/2024\/09\/\u94f6-7-.jpg 1600w, https:\/\/www.sunzos.net\/wp-content\/uploads\/2024\/09\/\u94f6-7--300x300.jpg 300w, https:\/\/www.sunzos.net\/wp-content\/uploads\/2024\/09\/\u94f6-7--1024x1024.jpg 1024w, https:\/\/www.sunzos.net\/wp-content\/uploads\/2024\/09\/\u94f6-7--150x150.jpg 150w, https:\/\/www.sunzos.net\/wp-content\/uploads\/2024\/09\/\u94f6-7--768x768.jpg 768w, https:\/\/www.sunzos.net\/wp-content\/uploads\/2024\/09\/\u94f6-7--1536x1536.jpg 1536w, https:\/\/www.sunzos.net\/wp-content\/uploads\/2024\/09\/\u94f6-7--600x600.jpg 600w, https:\/\/www.sunzos.net\/wp-content\/uploads\/2024\/09\/\u94f6-7--100x100.jpg 100w\" sizes=\"(max-width: 1466px) 100vw, 1466px\" \/>\u00a0\u00a0<img loading=\"lazy\" decoding=\"async\" class=\"alignnone size-full wp-image-1745\" src=\"https:\/\/www.sunzos.net\/wp-content\/uploads\/2024\/09\/A.jpg\" alt=\"\" width=\"1464\" height=\"600\" srcset=\"https:\/\/www.sunzos.net\/wp-content\/uploads\/2024\/09\/A.jpg 1464w, https:\/\/www.sunzos.net\/wp-content\/uploads\/2024\/09\/A-300x123.jpg 300w, https:\/\/www.sunzos.net\/wp-content\/uploads\/2024\/09\/A-1024x420.jpg 1024w, https:\/\/www.sunzos.net\/wp-content\/uploads\/2024\/09\/A-768x315.jpg 768w, https:\/\/www.sunzos.net\/wp-content\/uploads\/2024\/09\/A-600x246.jpg 600w\" sizes=\"(max-width: 1464px) 100vw, 1464px\" \/>\u00a0 <img loading=\"lazy\" decoding=\"async\" class=\"alignnone size-full wp-image-1746\" src=\"https:\/\/www.sunzos.net\/wp-content\/uploads\/2024\/09\/1464-600-1.jpg\" alt=\"\" width=\"1464\" height=\"600\" srcset=\"https:\/\/www.sunzos.net\/wp-content\/uploads\/2024\/09\/1464-600-1.jpg 1464w, https:\/\/www.sunzos.net\/wp-content\/uploads\/2024\/09\/1464-600-1-300x123.jpg 300w, https:\/\/www.sunzos.net\/wp-content\/uploads\/2024\/09\/1464-600-1-1024x420.jpg 1024w, https:\/\/www.sunzos.net\/wp-content\/uploads\/2024\/09\/1464-600-1-768x315.jpg 768w, https:\/\/www.sunzos.net\/wp-content\/uploads\/2024\/09\/1464-600-1-600x246.jpg 600w\" sizes=\"(max-width: 1464px) 100vw, 1464px\" \/><\/p>\n","protected":false},"excerpt":{"rendered":"<h4>\u200e<strong>7 Modi Silbrig Duschkopf:<\/strong><\/h4>\n<ul class=\"a-unordered-list a-vertical a-spacing-mini\">\n<li class=\"a-spacing-mini\"><span class=\"a-list-item\">\u30107 Einstellbare Handbrause Einstellungen\u3011Dieser SUNZOS Duschkopf hat 4-Tasten und 7-Modi. Taste 1, Taste 2 und Taste 3 sind drei verschiedene Spritzmodi, w\u00e4hrend Taste 4 die Stopptaste ist. Taste 1, Taste 2 und Taste 3 k\u00f6nnen zuf\u00e4llig kombiniert werden, um einen gemischten Modus zu bilden. Das Dr\u00fccken von zwei Tasten oder drei Tasten zusammen kann einen gemischten Modus bilden.<\/span><\/li>\n<li class=\"a-spacing-mini\"><span class=\"a-list-item\">\u3010Upgrade des gro\u00dfen Panels\u3011: Diese Duschkopf verf\u00fcgt \u00fcber eine verbesserte 142mm gro\u00dfe Platte mit 145 Wasserausl\u00e4ssen, die den gesamten K\u00f6rper zum Baden abdeckt.<\/span><\/li>\n<li class=\"a-spacing-mini\"><span class=\"a-list-item\">\u3010Wassersparender Duschkop\u3011: Einstellbarer Modus, justieren Sie den Wasserdruck, indem Sie links und rechts nach Bedarf drehen.<\/span><\/li>\n<li class=\"a-spacing-mini\"><span class=\"a-list-item\">\u3010Sorgenfreier Kauf\u3011\uff1aDie SUNZOS Duschkopf wird mit einer zweij\u00e4hrigen Garantie geliefert. Wenn Sie Hilfe ben\u00f6tigen, k\u00f6nnen Sie uns eine E-Mail \u00fcber Amazon senden und wir werden Ihnen so schnell wie m\u00f6glich helfen.<\/span><\/li>\n<li class=\"a-spacing-mini\"><span class=\"a-list-item\">\u3010Einfach zu installieren\u3011: Keine Werkzeuge erforderlich, einfach zu installieren. Universelle G1\/2 Schnittstelle\uff0cDie Duschd\u00fcse ist f\u00fcr die meisten Standard-Duscharme geeignet und kann durch einfaches Einschrauben installiert werden.<\/span><\/li>\n<\/ul>\n<h4><span class=\"a-list-item\">5 Modi Schwarz Duschkopf:<\/span><\/h4>\n<ul class=\"a-unordered-list a-vertical a-spacing-mini\">\n<li class=\"a-spacing-mini\"><span class=\"a-list-item\">\u30105 Einstellbare Handbrause Einstellungen\u3011: Dieser SUNZOS Duschkopf hat 5 optionale Modi, n\u00e4mlich Impulsmodus, Regenschauer-Modus, Spr\u00fchmodus, Impuls-Regenschauer, Spr\u00fch-Regenschauer. Drehen Sie links und rechts, um den Modus zu wechseln.<\/span><\/li>\n<li class=\"a-spacing-mini\"><span class=\"a-list-item\">\u3010Hochwertiges Material\u3011: Dieser wassersparende Duschkopf ist aus hochwertigem ABS-Material hergestellt, das nicht rostet und eine lange Nutzungsdauer gew\u00e4hrleistet<\/span><\/li>\n<li class=\"a-spacing-mini\"><span class=\"a-list-item\">\u3010Einfach zu installieren\u3011: Keine Werkzeuge erforderlich, einfach zu installieren. Universelle G1\/2 Schnittstelle\uff0cDie Duschd\u00fcse ist f\u00fcr die meisten Standard-Duscharme geeignet und kann durch einfaches Einschrauben installiert werden.<\/span><\/li>\n<li class=\"a-spacing-mini\"><span class=\"a-list-item\">\u3010Wassersparender Duschkop\u3011: Einstellbarer Modus, justieren Sie den Wasserdruck, indem Sie links und rechts nach Bedarf drehen.<\/span><\/li>\n<li class=\"a-spacing-mini\"><span class=\"a-list-item\">\u3010Sorgenfreier Kauf\u3011\uff1aDie SUNZOS Duschkopf wird mit einer zweij\u00e4hrigen Garantie geliefert. Wenn Sie Hilfe ben\u00f6tigen, k\u00f6nnen Sie uns eine E-Mail \u00fcber Amazon senden und wir werden Ihnen so schnell wie m\u00f6glich helfen.<\/span><\/li>\n<\/ul>\n","protected":false},"featured_media":1734,"comment_status":"open","ping_status":"closed","template":"","meta":{"site-sidebar-layout":"default","site-content-layout":"default","ast-global-header-display":"","ast-main-header-display":"","ast-hfb-above-header-display":"","ast-hfb-below-header-display":"","ast-hfb-mobile-header-display":"","site-post-title":"","ast-breadcrumbs-content":"","ast-featured-img":"","footer-sml-layout":"","theme-transparent-header-meta":"default","adv-header-id-meta":"","stick-header-meta":"","header-above-stick-meta":"","header-main-stick-meta":"","header-below-stick-meta":""},"product_brand":[],"product_cat":[34],"product_tag":[],"class_list":{"0":"post-1505","1":"product","2":"type-product","3":"status-publish","4":"has-post-thumbnail","6":"product_cat-shower-head","7":"desktop-align-left","8":"tablet-align-left","9":"mobile-align-left","10":"ast-product-gallery-layout-horizontal-slider","11":"ast-product-single-variable","12":"ast-product-tabs-layout-horizontal","13":"ast-qv-on-image","15":"first","16":"instock","17":"shipping-taxable","18":"purchasable","19":"product-type-variable"},"_links":{"self":[{"href":"https:\/\/www.sunzos.net\/index.php\/wp-json\/wp\/v2\/product\/1505","targetHints":{"allow":["GET"]}}],"collection":[{"href":"https:\/\/www.sunzos.net\/index.php\/wp-json\/wp\/v2\/product"}],"about":[{"href":"https:\/\/www.sunzos.net\/index.php\/wp-json\/wp\/v2\/types\/product"}],"replies":[{"embeddable":true,"href":"https:\/\/www.sunzos.net\/index.php\/wp-json\/wp\/v2\/comments?post=1505"}],"wp:featuredmedia":[{"embeddable":true,"href":"https:\/\/www.sunzos.net\/index.php\/wp-json\/wp\/v2\/media\/1734"}],"wp:attachment":[{"href":"https:\/\/www.sunzos.net\/index.php\/wp-json\/wp\/v2\/media?parent=1505"}],"wp:term":[{"taxonomy":"product_brand","embeddable":true,"href":"https:\/\/www.sunzos.net\/index.php\/wp-json\/wp\/v2\/product_brand?post=1505"},{"taxonomy":"product_cat","embeddable":true,"href":"https:\/\/www.sunzos.net\/index.php\/wp-json\/wp\/v2\/product_cat?post=1505"},{"taxonomy":"product_tag","embeddable":true,"href":"https:\/\/www.sunzos.net\/index.php\/wp-json\/wp\/v2\/product_tag?post=1505"}],"curies":[{"name":"wp","href":"https:\/\/api.w.org\/{rel}","templated":true}]}}