{"id":1696,"date":"2024-09-24T14:51:48","date_gmt":"2024-09-24T06:51:48","guid":{"rendered":"https:\/\/www.sunzos.net\/?post_type=product&#038;p=1696"},"modified":"2024-09-24T17:51:51","modified_gmt":"2024-09-24T09:51:51","slug":"sunzos-4-stuck-duschablage-ohne-bohren-badezimmer-regal-mit-zahnburstenhalter-und-seifenschale-duschregal-ohne-bohren-fur-badezimmer-und-kuche","status":"publish","type":"product","link":"https:\/\/www.sunzos.net\/index.php\/product\/sunzos-4-stuck-duschablage-ohne-bohren-badezimmer-regal-mit-zahnburstenhalter-und-seifenschale-duschregal-ohne-bohren-fur-badezimmer-und-kuche\/","title":{"rendered":"SUNZOS 4 St\u00fcck Duschablage ohne Bohren, Badezimmer Regal mit Zahnb\u00fcrstenhalter und Seifenschale, Duschregal ohne Bohren f\u00fcr Badezimmer und K\u00fcche"},"content":{"rendered":"<p><img fetchpriority=\"high\" decoding=\"async\" class=\"alignnone  wp-image-1697\" src=\"https:\/\/www.sunzos.net\/wp-content\/uploads\/2024\/09\/1-5.jpg\" alt=\"\" width=\"1468\" height=\"908\" srcset=\"https:\/\/www.sunzos.net\/wp-content\/uploads\/2024\/09\/1-5.jpg 970w, https:\/\/www.sunzos.net\/wp-content\/uploads\/2024\/09\/1-5-300x186.jpg 300w, https:\/\/www.sunzos.net\/wp-content\/uploads\/2024\/09\/1-5-768x475.jpg 768w, https:\/\/www.sunzos.net\/wp-content\/uploads\/2024\/09\/1-5-600x371.jpg 600w\" sizes=\"(max-width: 1468px) 100vw, 1468px\" \/> <img decoding=\"async\" class=\"alignnone  wp-image-1698\" src=\"https:\/\/www.sunzos.net\/wp-content\/uploads\/2024\/09\/2-3.jpg\" alt=\"\" width=\"1470\" height=\"909\" srcset=\"https:\/\/www.sunzos.net\/wp-content\/uploads\/2024\/09\/2-3.jpg 970w, https:\/\/www.sunzos.net\/wp-content\/uploads\/2024\/09\/2-3-300x186.jpg 300w, https:\/\/www.sunzos.net\/wp-content\/uploads\/2024\/09\/2-3-768x475.jpg 768w, https:\/\/www.sunzos.net\/wp-content\/uploads\/2024\/09\/2-3-600x371.jpg 600w\" sizes=\"(max-width: 1470px) 100vw, 1470px\" \/> <img decoding=\"async\" class=\"alignnone  wp-image-1699\" src=\"https:\/\/www.sunzos.net\/wp-content\/uploads\/2024\/09\/3-2-1.jpg\" alt=\"\" width=\"1468\" height=\"908\" srcset=\"https:\/\/www.sunzos.net\/wp-content\/uploads\/2024\/09\/3-2-1.jpg 970w, https:\/\/www.sunzos.net\/wp-content\/uploads\/2024\/09\/3-2-1-300x186.jpg 300w, https:\/\/www.sunzos.net\/wp-content\/uploads\/2024\/09\/3-2-1-768x475.jpg 768w, https:\/\/www.sunzos.net\/wp-content\/uploads\/2024\/09\/3-2-1-600x371.jpg 600w\" sizes=\"(max-width: 1468px) 100vw, 1468px\" \/> <img loading=\"lazy\" decoding=\"async\" class=\"alignnone  wp-image-1700\" src=\"https:\/\/www.sunzos.net\/wp-content\/uploads\/2024\/09\/4-4.jpg\" alt=\"\" width=\"1570\" height=\"971\" srcset=\"https:\/\/www.sunzos.net\/wp-content\/uploads\/2024\/09\/4-4.jpg 970w, https:\/\/www.sunzos.net\/wp-content\/uploads\/2024\/09\/4-4-300x186.jpg 300w, https:\/\/www.sunzos.net\/wp-content\/uploads\/2024\/09\/4-4-768x475.jpg 768w, https:\/\/www.sunzos.net\/wp-content\/uploads\/2024\/09\/4-4-600x371.jpg 600w\" sizes=\"(max-width: 1570px) 100vw, 1570px\" \/> <img loading=\"lazy\" decoding=\"async\" class=\"alignnone  wp-image-1701\" src=\"https:\/\/www.sunzos.net\/wp-content\/uploads\/2024\/09\/5-3.jpg\" alt=\"\" width=\"1468\" height=\"908\" srcset=\"https:\/\/www.sunzos.net\/wp-content\/uploads\/2024\/09\/5-3.jpg 970w, https:\/\/www.sunzos.net\/wp-content\/uploads\/2024\/09\/5-3-300x186.jpg 300w, https:\/\/www.sunzos.net\/wp-content\/uploads\/2024\/09\/5-3-768x475.jpg 768w, https:\/\/www.sunzos.net\/wp-content\/uploads\/2024\/09\/5-3-600x371.jpg 600w\" sizes=\"(max-width: 1468px) 100vw, 1468px\" \/> <img loading=\"lazy\" decoding=\"async\" class=\"alignnone  wp-image-1702\" src=\"https:\/\/www.sunzos.net\/wp-content\/uploads\/2024\/09\/6-5.jpg\" alt=\"\" width=\"1468\" height=\"908\" srcset=\"https:\/\/www.sunzos.net\/wp-content\/uploads\/2024\/09\/6-5.jpg 970w, https:\/\/www.sunzos.net\/wp-content\/uploads\/2024\/09\/6-5-300x186.jpg 300w, https:\/\/www.sunzos.net\/wp-content\/uploads\/2024\/09\/6-5-768x475.jpg 768w, https:\/\/www.sunzos.net\/wp-content\/uploads\/2024\/09\/6-5-600x371.jpg 600w\" sizes=\"(max-width: 1468px) 100vw, 1468px\" \/><\/p>\n","protected":false},"excerpt":{"rendered":"<ul class=\"a-unordered-list a-vertical a-spacing-mini\">\n<li class=\"a-spacing-mini\"><span class=\"a-list-item\">Duschablage ohne Bohren: SUNZOS Duschablage mit Klebestreifen, so dass keine L\u00f6cher gebohrt werden m\u00fcssen, um W\u00e4nde zu besch\u00e4digen. Kleben Sie einfach das Klebeband an die Wand und legen Sie nach zw\u00f6lf Stunden den Duschregal.<\/span><\/li>\n<li class=\"a-spacing-mini\"><span class=\"a-list-item\">Tragf\u00e4higkeit von 5KG: Dieser Duschregal besteht aus hochwertigem ABS-Material, das sehr langlebig ist und bis zu 5KG tragen kann.<\/span><\/li>\n<li class=\"a-spacing-mini\"><span class=\"a-list-item\">Feuchtigkeitsdichte Ausf\u00fchrung: Die Unterseite des SUNZOS Badezimmer Regal verf\u00fcgt \u00fcber zehn Entw\u00e4sserungsl\u00f6cher, die schneller ablaufen und Bakterienwachstum verhindern k\u00f6nnen, sodass Ihre Gegenst\u00e4nde bel\u00fcftet, trocken und feuchtigkeitsbest\u00e4ndig bleiben.<\/span><\/li>\n<li class=\"a-spacing-mini\"><span class=\"a-list-item\">Geeignet f\u00fcr mehrere Szenarien: SUNZOS Duschablage ohne Bohren eignet sich f\u00fcr mehrere Szenarien und kann in Badezimmern, K\u00fcchen, Wohnzimmer und anderen Orten platziert werden. Neben Toilettenartikeln wie Duschgel und Shampoo kann es auch verschiedene K\u00fcchenartikel aufnehmen; Ob die W\u00e4nde Ihres Hauses aus Fliesen, Glas, Holzbrettern oder Marmor bestehen, Sie k\u00f6nnen dieses Regal verwenden.<\/span><\/li>\n<li class=\"a-spacing-mini\"><span class=\"a-list-item\">4 St\u00fcck Badezimmer Regal: Ausgestattet mit zwei Badezimmerst\u00e4ndern, einem Zahnb\u00fcrstenhalter und einem Seifenschale, k\u00f6nnen Sie verschiedene Toilettenartikel kategorisieren und platzieren. Jedes Regal verf\u00fcgt \u00fcber Haken, an denen kleine Gegenst\u00e4nde wie Handt\u00fccher und Duschb\u00e4lle aufgeh\u00e4ngt werden k\u00f6nnen.<\/span><\/li>\n<\/ul>\n","protected":false},"featured_media":1706,"comment_status":"open","ping_status":"closed","template":"","meta":{"site-sidebar-layout":"default","site-content-layout":"default","ast-global-header-display":"","ast-main-header-display":"","ast-hfb-above-header-display":"","ast-hfb-below-header-display":"","ast-hfb-mobile-header-display":"","site-post-title":"","ast-breadcrumbs-content":"","ast-featured-img":"","footer-sml-layout":"","theme-transparent-header-meta":"default","adv-header-id-meta":"","stick-header-meta":"","header-above-stick-meta":"","header-main-stick-meta":"","header-below-stick-meta":""},"product_brand":[],"product_cat":[37],"product_tag":[],"class_list":{"0":"post-1696","1":"product","2":"type-product","3":"status-publish","4":"has-post-thumbnail","6":"product_cat-duschablage-ohne-bohren","7":"desktop-align-left","8":"tablet-align-left","9":"mobile-align-left","10":"ast-product-gallery-layout-horizontal-slider","11":"ast-product-single-variable","12":"ast-product-tabs-layout-horizontal","13":"ast-qv-on-image","15":"first","16":"instock","17":"shipping-taxable","18":"purchasable","19":"product-type-variable"},"_links":{"self":[{"href":"https:\/\/www.sunzos.net\/index.php\/wp-json\/wp\/v2\/product\/1696","targetHints":{"allow":["GET"]}}],"collection":[{"href":"https:\/\/www.sunzos.net\/index.php\/wp-json\/wp\/v2\/product"}],"about":[{"href":"https:\/\/www.sunzos.net\/index.php\/wp-json\/wp\/v2\/types\/product"}],"replies":[{"embeddable":true,"href":"https:\/\/www.sunzos.net\/index.php\/wp-json\/wp\/v2\/comments?post=1696"}],"wp:featuredmedia":[{"embeddable":true,"href":"https:\/\/www.sunzos.net\/index.php\/wp-json\/wp\/v2\/media\/1706"}],"wp:attachment":[{"href":"https:\/\/www.sunzos.net\/index.php\/wp-json\/wp\/v2\/media?parent=1696"}],"wp:term":[{"taxonomy":"product_brand","embeddable":true,"href":"https:\/\/www.sunzos.net\/index.php\/wp-json\/wp\/v2\/product_brand?post=1696"},{"taxonomy":"product_cat","embeddable":true,"href":"https:\/\/www.sunzos.net\/index.php\/wp-json\/wp\/v2\/product_cat?post=1696"},{"taxonomy":"product_tag","embeddable":true,"href":"https:\/\/www.sunzos.net\/index.php\/wp-json\/wp\/v2\/product_tag?post=1696"}],"curies":[{"name":"wp","href":"https:\/\/api.w.org\/{rel}","templated":true}]}}