{"id":1805,"date":"2024-09-24T17:18:04","date_gmt":"2024-09-24T09:18:04","guid":{"rendered":"https:\/\/www.sunzos.net\/?post_type=product&#038;p=1805"},"modified":"2024-09-24T17:46:16","modified_gmt":"2024-09-24T09:46:16","slug":"sunzos-led-deckenleuchte-36w-deckenlampe-4000k-4250lm-deckenlampe-led-panel-fur-lampe-wohnzimmer-schlafzimmer-flur-neutralweis-deckenleuchte-led","status":"publish","type":"product","link":"https:\/\/www.sunzos.net\/index.php\/product\/sunzos-led-deckenleuchte-36w-deckenlampe-4000k-4250lm-deckenlampe-led-panel-fur-lampe-wohnzimmer-schlafzimmer-flur-neutralweis-deckenleuchte-led\/","title":{"rendered":"SUNZOS LED Deckenleuchte 36W Deckenlampe, 4000K 4250LM Deckenlampe Led Panel f\u00fcr Lampe Wohnzimmer, Schlafzimmer, Flur, Neutralwei\u00df Deckenleuchte Led"},"content":{"rendered":"<p><img fetchpriority=\"high\" decoding=\"async\" class=\"alignnone  wp-image-1806\" src=\"https:\/\/www.sunzos.net\/wp-content\/uploads\/2024\/09\/1-15.jpg\" alt=\"\" width=\"1468\" height=\"454\" srcset=\"https:\/\/www.sunzos.net\/wp-content\/uploads\/2024\/09\/1-15.jpg 970w, https:\/\/www.sunzos.net\/wp-content\/uploads\/2024\/09\/1-15-300x93.jpg 300w, https:\/\/www.sunzos.net\/wp-content\/uploads\/2024\/09\/1-15-768x238.jpg 768w, https:\/\/www.sunzos.net\/wp-content\/uploads\/2024\/09\/1-15-600x186.jpg 600w\" sizes=\"(max-width: 1468px) 100vw, 1468px\" \/>\u00a0\u00a0\u00a0\u00a0 <img decoding=\"async\" class=\"alignnone wp-image-1826\" src=\"https:\/\/www.sunzos.net\/wp-content\/uploads\/2024\/09\/2-11.jpg\" alt=\"\" width=\"1469\" height=\"1469\" srcset=\"https:\/\/www.sunzos.net\/wp-content\/uploads\/2024\/09\/2-11.jpg 1500w, https:\/\/www.sunzos.net\/wp-content\/uploads\/2024\/09\/2-11-300x300.jpg 300w, https:\/\/www.sunzos.net\/wp-content\/uploads\/2024\/09\/2-11-1024x1024.jpg 1024w, https:\/\/www.sunzos.net\/wp-content\/uploads\/2024\/09\/2-11-150x150.jpg 150w, https:\/\/www.sunzos.net\/wp-content\/uploads\/2024\/09\/2-11-768x768.jpg 768w, https:\/\/www.sunzos.net\/wp-content\/uploads\/2024\/09\/2-11-600x600.jpg 600w, https:\/\/www.sunzos.net\/wp-content\/uploads\/2024\/09\/2-11-100x100.jpg 100w\" sizes=\"(max-width: 1469px) 100vw, 1469px\" \/><img decoding=\"async\" class=\"alignnone wp-image-1817\" src=\"https:\/\/www.sunzos.net\/wp-content\/uploads\/2024\/09\/6-11.jpg\" alt=\"\" width=\"1469\" height=\"1469\" srcset=\"https:\/\/www.sunzos.net\/wp-content\/uploads\/2024\/09\/6-11.jpg 1500w, https:\/\/www.sunzos.net\/wp-content\/uploads\/2024\/09\/6-11-300x300.jpg 300w, https:\/\/www.sunzos.net\/wp-content\/uploads\/2024\/09\/6-11-1024x1024.jpg 1024w, https:\/\/www.sunzos.net\/wp-content\/uploads\/2024\/09\/6-11-150x150.jpg 150w, https:\/\/www.sunzos.net\/wp-content\/uploads\/2024\/09\/6-11-768x768.jpg 768w, https:\/\/www.sunzos.net\/wp-content\/uploads\/2024\/09\/6-11-600x600.jpg 600w, https:\/\/www.sunzos.net\/wp-content\/uploads\/2024\/09\/6-11-100x100.jpg 100w\" sizes=\"(max-width: 1469px) 100vw, 1469px\" \/> <img loading=\"lazy\" decoding=\"async\" class=\"alignnone wp-image-1827\" src=\"https:\/\/www.sunzos.net\/wp-content\/uploads\/2024\/09\/3-12.jpg\" alt=\"\" width=\"1469\" height=\"1469\" srcset=\"https:\/\/www.sunzos.net\/wp-content\/uploads\/2024\/09\/3-12.jpg 1600w, https:\/\/www.sunzos.net\/wp-content\/uploads\/2024\/09\/3-12-300x300.jpg 300w, https:\/\/www.sunzos.net\/wp-content\/uploads\/2024\/09\/3-12-1024x1024.jpg 1024w, https:\/\/www.sunzos.net\/wp-content\/uploads\/2024\/09\/3-12-150x150.jpg 150w, https:\/\/www.sunzos.net\/wp-content\/uploads\/2024\/09\/3-12-768x768.jpg 768w, https:\/\/www.sunzos.net\/wp-content\/uploads\/2024\/09\/3-12-1536x1536.jpg 1536w, https:\/\/www.sunzos.net\/wp-content\/uploads\/2024\/09\/3-12-600x600.jpg 600w, https:\/\/www.sunzos.net\/wp-content\/uploads\/2024\/09\/3-12-100x100.jpg 100w\" sizes=\"(max-width: 1469px) 100vw, 1469px\" \/> <img loading=\"lazy\" decoding=\"async\" class=\"alignnone wp-image-1828\" src=\"https:\/\/www.sunzos.net\/wp-content\/uploads\/2024\/09\/5-8.jpg\" alt=\"\" width=\"1470\" height=\"1470\" srcset=\"https:\/\/www.sunzos.net\/wp-content\/uploads\/2024\/09\/5-8.jpg 1001w, https:\/\/www.sunzos.net\/wp-content\/uploads\/2024\/09\/5-8-300x300.jpg 300w, https:\/\/www.sunzos.net\/wp-content\/uploads\/2024\/09\/5-8-150x150.jpg 150w, https:\/\/www.sunzos.net\/wp-content\/uploads\/2024\/09\/5-8-768x768.jpg 768w, https:\/\/www.sunzos.net\/wp-content\/uploads\/2024\/09\/5-8-600x600.jpg 600w, https:\/\/www.sunzos.net\/wp-content\/uploads\/2024\/09\/5-8-100x100.jpg 100w\" sizes=\"(max-width: 1470px) 100vw, 1470px\" \/> <img loading=\"lazy\" decoding=\"async\" class=\"alignnone wp-image-1829\" src=\"https:\/\/www.sunzos.net\/wp-content\/uploads\/2024\/09\/7-6.jpg\" alt=\"\" width=\"1471\" height=\"1348\" srcset=\"https:\/\/www.sunzos.net\/wp-content\/uploads\/2024\/09\/7-6.jpg 1200w, https:\/\/www.sunzos.net\/wp-content\/uploads\/2024\/09\/7-6-300x275.jpg 300w, https:\/\/www.sunzos.net\/wp-content\/uploads\/2024\/09\/7-6-1024x939.jpg 1024w, https:\/\/www.sunzos.net\/wp-content\/uploads\/2024\/09\/7-6-768x704.jpg 768w, https:\/\/www.sunzos.net\/wp-content\/uploads\/2024\/09\/7-6-600x550.jpg 600w\" sizes=\"(max-width: 1471px) 100vw, 1471px\" \/><\/p>\n<p>&nbsp;<\/p>\n","protected":false},"excerpt":{"rendered":"<ul class=\"a-unordered-list a-vertical a-spacing-mini\">\n<li class=\"a-spacing-mini\"><span class=\"a-list-item\">\u3010Superhell &amp; Energie Sparen\u3011\u25ba Die 224 hochwertige LEDs erbringt energiesparenden von 36Watt eine Lichtleistung von 4.250 Lumen f\u00fcr ausreichend Licht in jedem Raum. Und dieser led lampen deckenlampen entspricht einer herk\u00f6mmlichen 200W Gl\u00fchlampe und spart mehr als 80% an Stromkosten.<\/span><\/li>\n<li class=\"a-spacing-mini\"><span class=\"a-list-item\">\u3010Augenschutz &amp; Flimmerfrei\u3011\u25ba Diese deckenleuchten \u00fcberzeugt durch ihre hohe Qualit\u00e4t und schlichte Eleganz. Und der Lampenschirm der LED Deckenlampe hat eine hohe Lichtdurchl\u00e4ssigkeit, das Licht wird geleichm\u00e4\u00dfig und weiches im Raum verteilt, Das Licht ist angenehm und blendet nicht.<\/span><\/li>\n<li class=\"a-spacing-mini\"><span class=\"a-list-item\">\u3010Weite Verwendung\u3011\u25baSie k\u00f6nnen die Deckenleuchte in einem Raum von etwa 10 bis 15 Quadratmeter befestigen. Ideal Deckenleuchte Wohnzimmer, Deckenlampe Wohnzimmer, Deckenbeleuchtung, Schlafzimmer, Kinderzimmer, Esszimmer, Arbeitszimmer, Werkstatt, K\u00fcche, Flur , Diele, Balkon, Korridor, Keller, Treppenhaus, Lager usw, wo neutralwei\u00dfes Licht eine gem\u00fctliche Atmosph\u00e4re erzeugt.<\/span><\/li>\n<li class=\"a-spacing-mini\"><span class=\"a-list-item\">\u3010Einfache Montage\u3011 \u25ba Die Montagemethode dieser LED-Leuchte ist einfach, Wenn Sie sie nach dem Lesen der Anleitung nicht installieren k\u00f6nnen, k\u00f6nnen Sie den Elektriker um Hilfe bitten, sie einfach auf die Montageschiene schieben und Sie k\u00f6nnen sie sofort verwenden.<\/span><\/li>\n<li class=\"a-spacing-mini\"><span class=\"a-list-item\">\u3010Sorgenfreier Kauf\u3011\u25ba Deckenlampen hat die CE und RoHs Zertifizierung und sorgen f\u00fcr 2 Jahr Garantie. Wenn Sie Hilfe ben\u00f6tigen, k\u00f6nnen Sie uns eine E-Mail \u00fcber Amazon senden und wir werden Ihnen so schnell wie m\u00f6glich helfen.<\/span><\/li>\n<\/ul>\n","protected":false},"featured_media":1812,"comment_status":"open","ping_status":"closed","template":"","meta":{"site-sidebar-layout":"default","site-content-layout":"default","ast-global-header-display":"","ast-main-header-display":"","ast-hfb-above-header-display":"","ast-hfb-below-header-display":"","ast-hfb-mobile-header-display":"","site-post-title":"","ast-breadcrumbs-content":"","ast-featured-img":"","footer-sml-layout":"","theme-transparent-header-meta":"default","adv-header-id-meta":"","stick-header-meta":"","header-above-stick-meta":"","header-main-stick-meta":"","header-below-stick-meta":""},"product_brand":[],"product_cat":[15],"product_tag":[],"class_list":{"0":"post-1805","1":"product","2":"type-product","3":"status-publish","4":"has-post-thumbnail","6":"product_cat-ceiling-light","7":"desktop-align-left","8":"tablet-align-left","9":"mobile-align-left","10":"ast-product-gallery-layout-horizontal-slider","11":"ast-product-single-variable","12":"ast-product-tabs-layout-horizontal","13":"ast-qv-on-image","15":"first","16":"instock","17":"shipping-taxable","18":"purchasable","19":"product-type-variable"},"_links":{"self":[{"href":"https:\/\/www.sunzos.net\/index.php\/wp-json\/wp\/v2\/product\/1805","targetHints":{"allow":["GET"]}}],"collection":[{"href":"https:\/\/www.sunzos.net\/index.php\/wp-json\/wp\/v2\/product"}],"about":[{"href":"https:\/\/www.sunzos.net\/index.php\/wp-json\/wp\/v2\/types\/product"}],"replies":[{"embeddable":true,"href":"https:\/\/www.sunzos.net\/index.php\/wp-json\/wp\/v2\/comments?post=1805"}],"wp:featuredmedia":[{"embeddable":true,"href":"https:\/\/www.sunzos.net\/index.php\/wp-json\/wp\/v2\/media\/1812"}],"wp:attachment":[{"href":"https:\/\/www.sunzos.net\/index.php\/wp-json\/wp\/v2\/media?parent=1805"}],"wp:term":[{"taxonomy":"product_brand","embeddable":true,"href":"https:\/\/www.sunzos.net\/index.php\/wp-json\/wp\/v2\/product_brand?post=1805"},{"taxonomy":"product_cat","embeddable":true,"href":"https:\/\/www.sunzos.net\/index.php\/wp-json\/wp\/v2\/product_cat?post=1805"},{"taxonomy":"product_tag","embeddable":true,"href":"https:\/\/www.sunzos.net\/index.php\/wp-json\/wp\/v2\/product_tag?post=1805"}],"curies":[{"name":"wp","href":"https:\/\/api.w.org\/{rel}","templated":true}]}}